

{"id":4575,"date":"2024-04-04T19:32:54","date_gmt":"2024-04-04T16:32:54","guid":{"rendered":"https:\/\/www.sammler.gr\/en\/?page_id=4575"},"modified":"2026-02-03T02:26:33","modified_gmt":"2026-02-02T23:26:33","slug":"violence-policy","status":"publish","type":"page","link":"https:\/\/sammler.gr\/fr\/violence-policy\/","title":{"rendered":"Politique en mati\u00e8re de violence"},"content":{"rendered":"<p>[vc_row][vc_column][vc_column_text]<\/p>\n<h3 style=\"text-align: center;\">POLITIQUE EN MATI\u00c8RE DE VIOLENCE<\/h3>\n<p>&nbsp;<\/p>\n<p>SAMMLER V. Michalopoulos SA se conforme \u00e0 toutes les mesures et obligations relatives \u00e0 la pr\u00e9vention et au traitement de toutes les formes de violence et de harc\u00e8lement, y compris les violences et le harc\u00e8lement sexistes et le harc\u00e8lement sexuel. Cette politique a pour objectif de cr\u00e9er et de consolider un environnement de travail respectueux, promouvant et garantissant la dignit\u00e9 humaine et le droit de chaque personne \u00e0 un monde du travail exempt de violence et de harc\u00e8lement. La direction de SAMMLER V. Michalopoulos SA d\u00e9clare reconna\u00eetre et respecter le droit de chaque salari\u00e9 \u00e0 un environnement de travail exempt de violence et de harc\u00e8lement et ne tol\u00e8re aucun comportement de ce type, sous quelque forme que ce soit.<br \/>\nConform\u00e9ment \u00e0 cette politique, la direction adopte et applique la l\u00e9gislation en vigueur (loi 4808\/2021) \u00e0 tous les salari\u00e9s, selon les mesures suivantes :<\/p>\n<p>A. Pr\u00e9vention et lutte contre la violence et le harc\u00e8lement au travail<br \/>\na. \u00c9valuation des risques de violence et de harc\u00e8lement au travail.<br \/>\nb. Mise en \u0153uvre de mesures de pr\u00e9vention, de contr\u00f4le, de limitation et de gestion des risques, ainsi que de suivi de ces incidents ou comportements.<br \/>\nc. Sensibilisation et information des employ\u00e9s.<br \/>\nd. Information des employ\u00e9s et de l&#8217;employeur, ainsi que des personnes exer\u00e7ant une autorit\u00e9 manag\u00e9riale ou repr\u00e9sentant l&#8217;employeur, sur leurs droits et obligations, dans la limite de leurs comp\u00e9tences et de leurs responsabilit\u00e9s, en cas de signalement de tels incidents, et sur la proc\u00e9dure applicable.<br \/>\ne. D\u00e9signation d&rsquo;une personne r\u00e9f\u00e9rente pour informer et conseiller les employ\u00e9s sur la pr\u00e9vention et le traitement de la violence et du harc\u00e8lement au travail.<br \/>\nf. Protection et soutien de l&#8217;emploi des victimes de violence domestique, dans la mesure du possible et par tout moyen raisonnable.<\/p>\n<p>B. Proc\u00e9dure de r\u00e9ception et d&rsquo;examen des plaintes :<br \/>\na. Mise en place de canaux de communication et d\u00e9signation de personnes comp\u00e9tentes.<br \/>\nb. Examen impartial des plaintes et protection de la confidentialit\u00e9 et des donn\u00e9es personnelles des victimes et des plaignants.<br \/>\nc. Interdiction de toute mesure de repr\u00e9sailles \u00e0 l&rsquo;encontre de la personne concern\u00e9e.<br \/>\nd. Information sur les cons\u00e9quences en cas de constatation d&rsquo;infractions.<br \/>\ne. Coop\u00e9ration et communication de toute information pertinente aux autorit\u00e9s comp\u00e9tentes, sur demande.[\/vc_column_text][\/vc_column][\/vc_row]<\/p>\n","protected":false},"excerpt":{"rendered":"<p>[vc_row][vc_column][vc_column_text] POLITIQUE EN MATI\u00c8RE DE VIOLENCE &nbsp; SAMMLER V. Michalopoulos SA se conforme \u00e0 toutes les mesures et obligations relatives&#8230;<\/p>\n","protected":false},"author":2,"featured_media":0,"parent":0,"menu_order":0,"comment_status":"closed","ping_status":"closed","template":"","meta":{"footnotes":""},"yoast_head":"<!-- This site is optimized with the Yoast SEO plugin v22.6 - https:\/\/yoast.com\/wordpress\/plugins\/seo\/ -->\n<title>Politique en mati\u00e8re de violence - Sammler<\/title>\n<meta name=\"robots\" content=\"noindex, follow, max-snippet:-1, max-image-preview:large, max-video-preview:-1\" \/>\n<meta property=\"og:locale\" content=\"fr_FR\" \/>\n<meta property=\"og:type\" content=\"article\" \/>\n<meta property=\"og:title\" content=\"Politique en mati\u00e8re de violence - Sammler\" \/>\n<meta property=\"og:description\" content=\"[vc_row][vc_column][vc_column_text] POLITIQUE EN MATI\u00c8RE DE VIOLENCE &nbsp; SAMMLER V. Michalopoulos SA se conforme \u00e0 toutes les mesures et obligations relatives...\" \/>\n<meta property=\"og:url\" content=\"https:\/\/sammler.gr\/fr\/violence-policy\/\" \/>\n<meta property=\"og:site_name\" content=\"Sammler\" \/>\n<meta property=\"article:modified_time\" content=\"2026-02-02T23:26:33+00:00\" \/>\n<meta name=\"twitter:card\" content=\"summary_large_image\" \/>\n<meta name=\"twitter:label1\" content=\"Dur\u00e9e de lecture estim\u00e9e\" \/>\n\t<meta name=\"twitter:data1\" content=\"2 minutes\" \/>\n<script type=\"application\/ld+json\" class=\"yoast-schema-graph\">{\"@context\":\"https:\/\/schema.org\",\"@graph\":[{\"@type\":\"WebPage\",\"@id\":\"https:\/\/sammler.gr\/fr\/violence-policy\/\",\"url\":\"https:\/\/sammler.gr\/fr\/violence-policy\/\",\"name\":\"Politique en mati\u00e8re de violence - Sammler\",\"isPartOf\":{\"@id\":\"https:\/\/sammler.gr\/fr\/#website\"},\"datePublished\":\"2024-04-04T16:32:54+00:00\",\"dateModified\":\"2026-02-02T23:26:33+00:00\",\"breadcrumb\":{\"@id\":\"https:\/\/sammler.gr\/fr\/violence-policy\/#breadcrumb\"},\"inLanguage\":\"fr-FR\",\"potentialAction\":[{\"@type\":\"ReadAction\",\"target\":[\"https:\/\/sammler.gr\/fr\/violence-policy\/\"]}]},{\"@type\":\"BreadcrumbList\",\"@id\":\"https:\/\/sammler.gr\/fr\/violence-policy\/#breadcrumb\",\"itemListElement\":[{\"@type\":\"ListItem\",\"position\":1,\"name\":\"Home\",\"item\":\"https:\/\/sammler.gr\/fr\/\"},{\"@type\":\"ListItem\",\"position\":2,\"name\":\"Politique en mati\u00e8re de violence\"}]},{\"@type\":\"WebSite\",\"@id\":\"https:\/\/sammler.gr\/fr\/#website\",\"url\":\"https:\/\/sammler.gr\/fr\/\",\"name\":\"Sammler\",\"description\":\"Solar Thermal Systems\",\"potentialAction\":[{\"@type\":\"SearchAction\",\"target\":{\"@type\":\"EntryPoint\",\"urlTemplate\":\"https:\/\/sammler.gr\/fr\/?s={search_term_string}\"},\"query-input\":\"required name=search_term_string\"}],\"inLanguage\":\"fr-FR\"}]}<\/script>\n<!-- \/ Yoast SEO plugin. -->","yoast_head_json":{"title":"Politique en mati\u00e8re de violence - Sammler","robots":{"index":"noindex","follow":"follow","max-snippet":"max-snippet:-1","max-image-preview":"max-image-preview:large","max-video-preview":"max-video-preview:-1"},"og_locale":"fr_FR","og_type":"article","og_title":"Politique en mati\u00e8re de violence - Sammler","og_description":"[vc_row][vc_column][vc_column_text] POLITIQUE EN MATI\u00c8RE DE VIOLENCE &nbsp; SAMMLER V. Michalopoulos SA se conforme \u00e0 toutes les mesures et obligations relatives...","og_url":"https:\/\/sammler.gr\/fr\/violence-policy\/","og_site_name":"Sammler","article_modified_time":"2026-02-02T23:26:33+00:00","twitter_card":"summary_large_image","twitter_misc":{"Dur\u00e9e de lecture estim\u00e9e":"2 minutes"},"schema":{"@context":"https:\/\/schema.org","@graph":[{"@type":"WebPage","@id":"https:\/\/sammler.gr\/fr\/violence-policy\/","url":"https:\/\/sammler.gr\/fr\/violence-policy\/","name":"Politique en mati\u00e8re de violence - Sammler","isPartOf":{"@id":"https:\/\/sammler.gr\/fr\/#website"},"datePublished":"2024-04-04T16:32:54+00:00","dateModified":"2026-02-02T23:26:33+00:00","breadcrumb":{"@id":"https:\/\/sammler.gr\/fr\/violence-policy\/#breadcrumb"},"inLanguage":"fr-FR","potentialAction":[{"@type":"ReadAction","target":["https:\/\/sammler.gr\/fr\/violence-policy\/"]}]},{"@type":"BreadcrumbList","@id":"https:\/\/sammler.gr\/fr\/violence-policy\/#breadcrumb","itemListElement":[{"@type":"ListItem","position":1,"name":"Home","item":"https:\/\/sammler.gr\/fr\/"},{"@type":"ListItem","position":2,"name":"Politique en mati\u00e8re de violence"}]},{"@type":"WebSite","@id":"https:\/\/sammler.gr\/fr\/#website","url":"https:\/\/sammler.gr\/fr\/","name":"Sammler","description":"Solar Thermal Systems","potentialAction":[{"@type":"SearchAction","target":{"@type":"EntryPoint","urlTemplate":"https:\/\/sammler.gr\/fr\/?s={search_term_string}"},"query-input":"required name=search_term_string"}],"inLanguage":"fr-FR"}]}},"_links":{"self":[{"href":"https:\/\/sammler.gr\/fr\/wp-json\/wp\/v2\/pages\/4575"}],"collection":[{"href":"https:\/\/sammler.gr\/fr\/wp-json\/wp\/v2\/pages"}],"about":[{"href":"https:\/\/sammler.gr\/fr\/wp-json\/wp\/v2\/types\/page"}],"author":[{"embeddable":true,"href":"https:\/\/sammler.gr\/fr\/wp-json\/wp\/v2\/users\/2"}],"replies":[{"embeddable":true,"href":"https:\/\/sammler.gr\/fr\/wp-json\/wp\/v2\/comments?post=4575"}],"version-history":[{"count":13,"href":"https:\/\/sammler.gr\/fr\/wp-json\/wp\/v2\/pages\/4575\/revisions"}],"predecessor-version":[{"id":5208,"href":"https:\/\/sammler.gr\/fr\/wp-json\/wp\/v2\/pages\/4575\/revisions\/5208"}],"wp:attachment":[{"href":"https:\/\/sammler.gr\/fr\/wp-json\/wp\/v2\/media?parent=4575"}],"curies":[{"name":"wp","href":"https:\/\/api.w.org\/{rel}","templated":true}]}}